{"id":313,"date":"2024-12-20T11:52:38","date_gmt":"2024-12-20T11:52:38","guid":{"rendered":"https:\/\/roth-moos.de\/?page_id=313"},"modified":"2025-01-30T13:44:39","modified_gmt":"2025-01-30T13:44:39","slug":"blech","status":"publish","type":"page","link":"https:\/\/roth-moos.de\/index.php\/blech\/","title":{"rendered":"Blech"},"content":{"rendered":"\t\t<div data-elementor-type=\"wp-page\" data-elementor-id=\"313\" class=\"elementor elementor-313\" data-elementor-post-type=\"page\">\n\t\t\t\t<div class=\"elementor-element elementor-element-332360ba e-con-full e-flex wpr-particle-no wpr-jarallax-no wpr-parallax-no wpr-sticky-section-no wpr-equal-height-no e-con e-parent\" data-id=\"332360ba\" data-element_type=\"container\" data-e-type=\"container\" data-settings=\"{&quot;background_background&quot;:&quot;classic&quot;}\">\n\t\t<div class=\"elementor-element elementor-element-2898c6fd e-con-full e-flex wpr-particle-no wpr-jarallax-no wpr-parallax-no wpr-sticky-section-no wpr-equal-height-no elementor-invisible e-con e-child\" data-id=\"2898c6fd\" data-element_type=\"container\" data-e-type=\"container\" data-settings=\"{&quot;animation&quot;:&quot;fadeInDown&quot;}\">\n\t\t\t\t<div class=\"elementor-element elementor-element-819bd8c elementor-widget elementor-widget-heading\" data-id=\"819bd8c\" data-element_type=\"widget\" data-e-type=\"widget\" data-widget_type=\"heading.default\">\n\t\t\t\t<div class=\"elementor-widget-container\">\n\t\t\t\t\t<h1 class=\"elementor-heading-title elementor-size-default\">Blech<\/h1>\t\t\t\t<\/div>\n\t\t\t\t<\/div>\n\t\t\t\t<\/div>\n\t\t\t\t<\/div>\n\t\t<div class=\"elementor-element elementor-element-48a0f91 e-flex e-con-boxed wpr-particle-no wpr-jarallax-no wpr-parallax-no wpr-sticky-section-no wpr-equal-height-no e-con e-parent\" data-id=\"48a0f91\" data-element_type=\"container\" data-e-type=\"container\" data-settings=\"{&quot;background_background&quot;:&quot;gradient&quot;}\">\n\t\t\t\t\t<div class=\"e-con-inner\">\n\t\t<div class=\"elementor-element elementor-element-c57815b e-con-full e-flex wpr-particle-no wpr-jarallax-no wpr-parallax-no wpr-sticky-section-no wpr-equal-height-no e-con e-child\" data-id=\"c57815b\" data-element_type=\"container\" data-e-type=\"container\" data-settings=\"{&quot;background_background&quot;:&quot;classic&quot;}\">\n\t\t\t\t<div class=\"elementor-element elementor-element-2ced785 elementor-widget__width-initial elementor-widget-mobile__width-inherit elementor-widget elementor-widget-text-editor\" data-id=\"2ced785\" data-element_type=\"widget\" data-e-type=\"widget\" data-widget_type=\"text-editor.default\">\n\t\t\t\t<div class=\"elementor-widget-container\">\n\t\t\t\t\t\t\t\t\t<p>Unser Betrieb hat entsprechend seiner Ausstattung und der Erfahrung eines Meisters und eines Gesellen die M\u00f6glichkeit, kleine bis mittlere <span style=\"color: #e91414;\">Blecharbeiten<\/span> durchf\u00fchren zu k\u00f6nnen.<\/p>\t\t\t\t\t\t\t\t<\/div>\n\t\t\t\t<\/div>\n\t\t\t\t<\/div>\n\t\t<div class=\"elementor-element elementor-element-d17f944 e-con-full e-flex wpr-particle-no wpr-jarallax-no wpr-parallax-no wpr-sticky-section-no wpr-equal-height-no e-con e-child\" data-id=\"d17f944\" data-element_type=\"container\" data-e-type=\"container\">\n\t\t\t\t<div class=\"elementor-element elementor-element-ef79b55 elementor-widget-mobile__width-inherit elementor-widget__width-initial elementor-widget-tablet__width-initial elementor-invisible elementor-widget elementor-widget-image\" data-id=\"ef79b55\" data-element_type=\"widget\" data-e-type=\"widget\" data-settings=\"{&quot;_animation&quot;:&quot;fadeInRight&quot;,&quot;_animation_delay&quot;:&quot;200&quot;}\" data-widget_type=\"image.default\">\n\t\t\t\t<div class=\"elementor-widget-container\">\n\t\t\t\t\t\t\t\t\t\t\t\t\t\t\t<img fetchpriority=\"high\" decoding=\"async\" width=\"800\" height=\"534\" src=\"https:\/\/roth-moos.de\/wp-content\/uploads\/2024\/12\/man-working-roof-with-hammer-full-shot-1024x683.jpg\" class=\"attachment-large size-large wp-image-319\" alt=\"\" srcset=\"https:\/\/roth-moos.de\/wp-content\/uploads\/2024\/12\/man-working-roof-with-hammer-full-shot-1024x683.jpg 1024w, https:\/\/roth-moos.de\/wp-content\/uploads\/2024\/12\/man-working-roof-with-hammer-full-shot-300x200.jpg 300w, https:\/\/roth-moos.de\/wp-content\/uploads\/2024\/12\/man-working-roof-with-hammer-full-shot-768x512.jpg 768w, https:\/\/roth-moos.de\/wp-content\/uploads\/2024\/12\/man-working-roof-with-hammer-full-shot-1536x1024.jpg 1536w, https:\/\/roth-moos.de\/wp-content\/uploads\/2024\/12\/man-working-roof-with-hammer-full-shot-2048x1365.jpg 2048w\" sizes=\"(max-width: 800px) 100vw, 800px\" \/>\t\t\t\t\t\t\t\t\t\t\t\t\t\t\t<\/div>\n\t\t\t\t<\/div>\n\t\t\t\t<\/div>\n\t\t\t\t\t<\/div>\n\t\t\t\t<\/div>\n\t\t\t\t<\/div>\n\t\t","protected":false},"excerpt":{"rendered":"<p>Blech Unser Betrieb hat entsprechend seiner Ausstattung und der Erfahrung eines Meisters und eines Gesellen die M\u00f6glichkeit, kleine bis mittlere Blecharbeiten durchf\u00fchren zu k\u00f6nnen.<\/p>\n","protected":false},"author":1,"featured_media":0,"parent":0,"menu_order":0,"comment_status":"closed","ping_status":"closed","template":"elementor_theme","meta":{"footnotes":""},"class_list":["post-313","page","type-page","status-publish","hentry"],"yoast_head":"<!-- This site is optimized with the Yoast SEO plugin v27.4 - https:\/\/yoast.com\/product\/yoast-seo-wordpress\/ -->\n<title>Blech - Roth<\/title>\n<meta name=\"robots\" content=\"index, follow, max-snippet:-1, max-image-preview:large, max-video-preview:-1\" \/>\n<link rel=\"canonical\" href=\"https:\/\/roth-moos.de\/index.php\/blech\/\" \/>\n<meta property=\"og:locale\" content=\"de_DE\" \/>\n<meta property=\"og:type\" content=\"article\" \/>\n<meta property=\"og:title\" content=\"Blech - Roth\" \/>\n<meta property=\"og:description\" content=\"Blech Unser Betrieb hat entsprechend seiner Ausstattung und der Erfahrung eines Meisters und eines Gesellen die M\u00f6glichkeit, kleine bis mittlere Blecharbeiten durchf\u00fchren zu k\u00f6nnen.\" \/>\n<meta property=\"og:url\" content=\"https:\/\/roth-moos.de\/index.php\/blech\/\" \/>\n<meta property=\"og:site_name\" content=\"Roth\" \/>\n<meta property=\"article:modified_time\" content=\"2025-01-30T13:44:39+00:00\" \/>\n<meta property=\"og:image\" content=\"https:\/\/roth-moos.de\/wp-content\/uploads\/2024\/12\/man-working-roof-with-hammer-full-shot-scaled.jpg\" \/>\n\t<meta property=\"og:image:width\" content=\"2560\" \/>\n\t<meta property=\"og:image:height\" content=\"1707\" \/>\n\t<meta property=\"og:image:type\" content=\"image\/jpeg\" \/>\n<meta name=\"twitter:card\" content=\"summary_large_image\" \/>\n<meta name=\"twitter:label1\" content=\"Gesch\u00e4tzte Lesezeit\" \/>\n\t<meta name=\"twitter:data1\" content=\"1\u00a0Minute\" \/>\n<script type=\"application\/ld+json\" class=\"yoast-schema-graph\">{\"@context\":\"https:\\\/\\\/schema.org\",\"@graph\":[{\"@type\":\"WebPage\",\"@id\":\"https:\\\/\\\/roth-moos.de\\\/index.php\\\/blech\\\/\",\"url\":\"https:\\\/\\\/roth-moos.de\\\/index.php\\\/blech\\\/\",\"name\":\"Blech - Roth\",\"isPartOf\":{\"@id\":\"https:\\\/\\\/roth-moos.de\\\/#website\"},\"primaryImageOfPage\":{\"@id\":\"https:\\\/\\\/roth-moos.de\\\/index.php\\\/blech\\\/#primaryimage\"},\"image\":{\"@id\":\"https:\\\/\\\/roth-moos.de\\\/index.php\\\/blech\\\/#primaryimage\"},\"thumbnailUrl\":\"https:\\\/\\\/roth-moos.de\\\/wp-content\\\/uploads\\\/2024\\\/12\\\/man-working-roof-with-hammer-full-shot-1024x683.jpg\",\"datePublished\":\"2024-12-20T11:52:38+00:00\",\"dateModified\":\"2025-01-30T13:44:39+00:00\",\"breadcrumb\":{\"@id\":\"https:\\\/\\\/roth-moos.de\\\/index.php\\\/blech\\\/#breadcrumb\"},\"inLanguage\":\"de\",\"potentialAction\":[{\"@type\":\"ReadAction\",\"target\":[\"https:\\\/\\\/roth-moos.de\\\/index.php\\\/blech\\\/\"]}]},{\"@type\":\"ImageObject\",\"inLanguage\":\"de\",\"@id\":\"https:\\\/\\\/roth-moos.de\\\/index.php\\\/blech\\\/#primaryimage\",\"url\":\"https:\\\/\\\/roth-moos.de\\\/wp-content\\\/uploads\\\/2024\\\/12\\\/man-working-roof-with-hammer-full-shot-scaled.jpg\",\"contentUrl\":\"https:\\\/\\\/roth-moos.de\\\/wp-content\\\/uploads\\\/2024\\\/12\\\/man-working-roof-with-hammer-full-shot-scaled.jpg\",\"width\":2560,\"height\":1707},{\"@type\":\"BreadcrumbList\",\"@id\":\"https:\\\/\\\/roth-moos.de\\\/index.php\\\/blech\\\/#breadcrumb\",\"itemListElement\":[{\"@type\":\"ListItem\",\"position\":1,\"name\":\"Startseite\",\"item\":\"https:\\\/\\\/roth-moos.de\\\/\"},{\"@type\":\"ListItem\",\"position\":2,\"name\":\"Blech\"}]},{\"@type\":\"WebSite\",\"@id\":\"https:\\\/\\\/roth-moos.de\\\/#website\",\"url\":\"https:\\\/\\\/roth-moos.de\\\/\",\"name\":\"Roth\",\"description\":\"\",\"potentialAction\":[{\"@type\":\"SearchAction\",\"target\":{\"@type\":\"EntryPoint\",\"urlTemplate\":\"https:\\\/\\\/roth-moos.de\\\/?s={search_term_string}\"},\"query-input\":{\"@type\":\"PropertyValueSpecification\",\"valueRequired\":true,\"valueName\":\"search_term_string\"}}],\"inLanguage\":\"de\"}]}<\/script>\n<!-- \/ Yoast SEO plugin. -->","yoast_head_json":{"title":"Blech - Roth","robots":{"index":"index","follow":"follow","max-snippet":"max-snippet:-1","max-image-preview":"max-image-preview:large","max-video-preview":"max-video-preview:-1"},"canonical":"https:\/\/roth-moos.de\/index.php\/blech\/","og_locale":"de_DE","og_type":"article","og_title":"Blech - Roth","og_description":"Blech Unser Betrieb hat entsprechend seiner Ausstattung und der Erfahrung eines Meisters und eines Gesellen die M\u00f6glichkeit, kleine bis mittlere Blecharbeiten durchf\u00fchren zu k\u00f6nnen.","og_url":"https:\/\/roth-moos.de\/index.php\/blech\/","og_site_name":"Roth","article_modified_time":"2025-01-30T13:44:39+00:00","og_image":[{"width":2560,"height":1707,"url":"https:\/\/roth-moos.de\/wp-content\/uploads\/2024\/12\/man-working-roof-with-hammer-full-shot-scaled.jpg","type":"image\/jpeg"}],"twitter_card":"summary_large_image","twitter_misc":{"Gesch\u00e4tzte Lesezeit":"1\u00a0Minute"},"schema":{"@context":"https:\/\/schema.org","@graph":[{"@type":"WebPage","@id":"https:\/\/roth-moos.de\/index.php\/blech\/","url":"https:\/\/roth-moos.de\/index.php\/blech\/","name":"Blech - Roth","isPartOf":{"@id":"https:\/\/roth-moos.de\/#website"},"primaryImageOfPage":{"@id":"https:\/\/roth-moos.de\/index.php\/blech\/#primaryimage"},"image":{"@id":"https:\/\/roth-moos.de\/index.php\/blech\/#primaryimage"},"thumbnailUrl":"https:\/\/roth-moos.de\/wp-content\/uploads\/2024\/12\/man-working-roof-with-hammer-full-shot-1024x683.jpg","datePublished":"2024-12-20T11:52:38+00:00","dateModified":"2025-01-30T13:44:39+00:00","breadcrumb":{"@id":"https:\/\/roth-moos.de\/index.php\/blech\/#breadcrumb"},"inLanguage":"de","potentialAction":[{"@type":"ReadAction","target":["https:\/\/roth-moos.de\/index.php\/blech\/"]}]},{"@type":"ImageObject","inLanguage":"de","@id":"https:\/\/roth-moos.de\/index.php\/blech\/#primaryimage","url":"https:\/\/roth-moos.de\/wp-content\/uploads\/2024\/12\/man-working-roof-with-hammer-full-shot-scaled.jpg","contentUrl":"https:\/\/roth-moos.de\/wp-content\/uploads\/2024\/12\/man-working-roof-with-hammer-full-shot-scaled.jpg","width":2560,"height":1707},{"@type":"BreadcrumbList","@id":"https:\/\/roth-moos.de\/index.php\/blech\/#breadcrumb","itemListElement":[{"@type":"ListItem","position":1,"name":"Startseite","item":"https:\/\/roth-moos.de\/"},{"@type":"ListItem","position":2,"name":"Blech"}]},{"@type":"WebSite","@id":"https:\/\/roth-moos.de\/#website","url":"https:\/\/roth-moos.de\/","name":"Roth","description":"","potentialAction":[{"@type":"SearchAction","target":{"@type":"EntryPoint","urlTemplate":"https:\/\/roth-moos.de\/?s={search_term_string}"},"query-input":{"@type":"PropertyValueSpecification","valueRequired":true,"valueName":"search_term_string"}}],"inLanguage":"de"}]}},"_links":{"self":[{"href":"https:\/\/roth-moos.de\/index.php\/wp-json\/wp\/v2\/pages\/313","targetHints":{"allow":["GET"]}}],"collection":[{"href":"https:\/\/roth-moos.de\/index.php\/wp-json\/wp\/v2\/pages"}],"about":[{"href":"https:\/\/roth-moos.de\/index.php\/wp-json\/wp\/v2\/types\/page"}],"author":[{"embeddable":true,"href":"https:\/\/roth-moos.de\/index.php\/wp-json\/wp\/v2\/users\/1"}],"replies":[{"embeddable":true,"href":"https:\/\/roth-moos.de\/index.php\/wp-json\/wp\/v2\/comments?post=313"}],"version-history":[{"count":22,"href":"https:\/\/roth-moos.de\/index.php\/wp-json\/wp\/v2\/pages\/313\/revisions"}],"predecessor-version":[{"id":734,"href":"https:\/\/roth-moos.de\/index.php\/wp-json\/wp\/v2\/pages\/313\/revisions\/734"}],"wp:attachment":[{"href":"https:\/\/roth-moos.de\/index.php\/wp-json\/wp\/v2\/media?parent=313"}],"curies":[{"name":"wp","href":"https:\/\/api.w.org\/{rel}","templated":true}]}}