{"id":661,"date":"2024-12-23T13:17:06","date_gmt":"2024-12-23T13:17:06","guid":{"rendered":"https:\/\/roth-moos.de\/?page_id=661"},"modified":"2024-12-23T13:17:51","modified_gmt":"2024-12-23T13:17:51","slug":"datenschutz","status":"publish","type":"page","link":"https:\/\/roth-moos.de\/index.php\/datenschutz\/","title":{"rendered":"Datenschutz"},"content":{"rendered":"\t\t<div data-elementor-type=\"wp-page\" data-elementor-id=\"661\" class=\"elementor elementor-661\" data-elementor-post-type=\"page\">\n\t\t\t\t<div class=\"elementor-element elementor-element-332360ba e-con-full e-flex wpr-particle-no wpr-jarallax-no wpr-parallax-no wpr-sticky-section-no wpr-equal-height-no e-con e-parent\" data-id=\"332360ba\" data-element_type=\"container\" data-e-type=\"container\" data-settings=\"{&quot;background_background&quot;:&quot;classic&quot;}\">\n\t\t<div class=\"elementor-element elementor-element-2898c6fd e-con-full e-flex wpr-particle-no wpr-jarallax-no wpr-parallax-no wpr-sticky-section-no wpr-equal-height-no elementor-invisible e-con e-child\" data-id=\"2898c6fd\" data-element_type=\"container\" data-e-type=\"container\" data-settings=\"{&quot;animation&quot;:&quot;fadeInDown&quot;}\">\n\t\t\t\t<div class=\"elementor-element elementor-element-819bd8c elementor-widget elementor-widget-heading\" data-id=\"819bd8c\" data-element_type=\"widget\" data-e-type=\"widget\" data-widget_type=\"heading.default\">\n\t\t\t\t<div class=\"elementor-widget-container\">\n\t\t\t\t\t<h1 class=\"elementor-heading-title elementor-size-default\">Datenschutz<\/h1>\t\t\t\t<\/div>\n\t\t\t\t<\/div>\n\t\t\t\t<\/div>\n\t\t\t\t<\/div>\n\t\t<div class=\"elementor-element elementor-element-116b7e2f e-con-full e-flex wpr-particle-no wpr-jarallax-no wpr-parallax-no wpr-sticky-section-no wpr-equal-height-no e-con e-parent\" data-id=\"116b7e2f\" data-element_type=\"container\" data-e-type=\"container\" data-settings=\"{&quot;background_background&quot;:&quot;gradient&quot;}\">\n\t\t<div class=\"elementor-element elementor-element-6979b043 e-con-full e-flex wpr-particle-no wpr-jarallax-no wpr-parallax-no wpr-sticky-section-no wpr-equal-height-no e-con e-child\" data-id=\"6979b043\" data-element_type=\"container\" data-e-type=\"container\">\n\t\t\t\t<div class=\"elementor-element elementor-element-dd88697 elementor-widget__width-initial elementor-widget-mobile__width-inherit elementor-widget elementor-widget-text-editor\" data-id=\"dd88697\" data-element_type=\"widget\" data-e-type=\"widget\" data-widget_type=\"text-editor.default\">\n\t\t\t\t<div class=\"elementor-widget-container\">\n\t\t\t\t\t\t\t\t\t<div id=\"impressumbox\"><p class=\"t0\"><strong><span class=\"ue\">Datenschutzerkl\u00e4rung<\/span><\/strong><\/p><p class=\"t1\"><span class=\"fe\">\u00a7 1 Name und Anschrift des Verantwortlichen<\/span><\/p><p class=\"t1\">Der Verantwortliche gem. Art. 4 Abs. 7 EU-Datenschutz-Grundverordnung (im Folgenden: &#8222;<span class=\"fe\">DSGVO<\/span>&#8222;) und anderer nationaler Datenschutzgesetze der Mitgliedsstaaten sowie sonstiger datenschutzrechtlicher Bestimmungen:<\/p><p class=\"t1\">Alexander Schirpf<br \/>B\u00f6hringerstr. 11<br \/>78345 Moos<br \/>Telefon: <a href=\"tel:+49773252359\">+49 7732 52359<\/a><br \/>E-Mail: <a href=\"mailto:roth@roth-moos.de?subject=Ihre%20Nachricht%20an%20Anton%20Roth\">roth@roth-moos.de<\/a><br \/>(siehe <a href=\"https:\/\/www.roth-moos.de\/impressum.php\" target=\"_self\">Impressum<\/a>).<\/p><p class=\"t1\"><span class=\"fe\">\u00a7 2 Allgemeines zur Datenverarbeitung<\/span><\/p><p class=\"t1\">(1)Wir erheben und verwenden Ihre personenbezogenen Daten grunds\u00e4tzlich nur, soweit dies zur Bereitstellung einer funktionsf\u00e4higen Webseite sowie unserer Inhalte und Leistungen erforderlich ist. Die Erhebung und Verwendung Ihrer personenbezogenen Daten erfolgen regelm\u00e4\u00dfig nur nach Einwilligung. Eine Ausnahme gilt in solchen F\u00e4llen, in denen eine vorherige Einholung einer Einwilligung aus tats\u00e4chlichen Gr\u00fcnden nicht m\u00f6glich und die Verarbeitung der Daten durch gesetzliche Vorschriften gestattet ist.<\/p><\/div><div class=\"bildnachweisrahmen\"><div class=\"bildnachweis sm\"><p>\u00a0<\/p><\/div><\/div>\t\t\t\t\t\t\t\t<\/div>\n\t\t\t\t<\/div>\n\t\t\t\t<\/div>\n\t\t\t\t<\/div>\n\t\t\t\t<\/div>\n\t\t","protected":false},"excerpt":{"rendered":"<p>Datenschutz Datenschutzerkl\u00e4rung \u00a7 1 Name und Anschrift des Verantwortlichen Der Verantwortliche gem. Art. 4 Abs. 7 EU-Datenschutz-Grundverordnung (im Folgenden: &#8222;DSGVO&#8220;) und anderer nationaler Datenschutzgesetze der Mitgliedsstaaten sowie sonstiger datenschutzrechtlicher Bestimmungen: Alexander SchirpfB\u00f6hringerstr. 1178345 MoosTelefon: +49 7732 52359E-Mail: roth@roth-moos.de(siehe Impressum). \u00a7 2 Allgemeines zur Datenverarbeitung (1)Wir erheben und verwenden Ihre personenbezogenen Daten grunds\u00e4tzlich nur, soweit dies zur Bereitstellung einer funktionsf\u00e4higen Webseite sowie unserer Inhalte und Leistungen erforderlich ist. Die Erhebung und Verwendung Ihrer personenbezogenen Daten erfolgen regelm\u00e4\u00dfig nur nach Einwilligung. Eine Ausnahme gilt in solchen F\u00e4llen, in denen eine vorherige Einholung einer Einwilligung aus tats\u00e4chlichen Gr\u00fcnden nicht m\u00f6glich und die Verarbeitung der Daten durch gesetzliche Vorschriften gestattet ist. \u00a0<\/p>\n","protected":false},"author":1,"featured_media":0,"parent":0,"menu_order":0,"comment_status":"closed","ping_status":"closed","template":"elementor_theme","meta":{"footnotes":""},"class_list":["post-661","page","type-page","status-publish","hentry"],"yoast_head":"<!-- This site is optimized with the Yoast SEO plugin v27.4 - https:\/\/yoast.com\/product\/yoast-seo-wordpress\/ -->\n<title>Datenschutz - Roth<\/title>\n<meta name=\"robots\" content=\"index, follow, max-snippet:-1, max-image-preview:large, max-video-preview:-1\" \/>\n<link rel=\"canonical\" href=\"https:\/\/roth-moos.de\/index.php\/datenschutz\/\" \/>\n<meta property=\"og:locale\" content=\"de_DE\" \/>\n<meta property=\"og:type\" content=\"article\" \/>\n<meta property=\"og:title\" content=\"Datenschutz - Roth\" \/>\n<meta property=\"og:description\" content=\"Datenschutz Datenschutzerkl\u00e4rung \u00a7 1 Name und Anschrift des Verantwortlichen Der Verantwortliche gem. Art. 4 Abs. 7 EU-Datenschutz-Grundverordnung (im Folgenden: &#8222;DSGVO&#8220;) und anderer nationaler Datenschutzgesetze der Mitgliedsstaaten sowie sonstiger datenschutzrechtlicher Bestimmungen: Alexander SchirpfB\u00f6hringerstr. 1178345 MoosTelefon: +49 7732 52359E-Mail: roth@roth-moos.de(siehe Impressum). \u00a7 2 Allgemeines zur Datenverarbeitung (1)Wir erheben und verwenden Ihre personenbezogenen Daten grunds\u00e4tzlich nur, soweit dies zur Bereitstellung einer funktionsf\u00e4higen Webseite sowie unserer Inhalte und Leistungen erforderlich ist. Die Erhebung und Verwendung Ihrer personenbezogenen Daten erfolgen regelm\u00e4\u00dfig nur nach Einwilligung. Eine Ausnahme gilt in solchen F\u00e4llen, in denen eine vorherige Einholung einer Einwilligung aus tats\u00e4chlichen Gr\u00fcnden nicht m\u00f6glich und die Verarbeitung der Daten durch gesetzliche Vorschriften gestattet ist. \u00a0\" \/>\n<meta property=\"og:url\" content=\"https:\/\/roth-moos.de\/index.php\/datenschutz\/\" \/>\n<meta property=\"og:site_name\" content=\"Roth\" \/>\n<meta property=\"article:modified_time\" content=\"2024-12-23T13:17:51+00:00\" \/>\n<meta name=\"twitter:card\" content=\"summary_large_image\" \/>\n<meta name=\"twitter:label1\" content=\"Gesch\u00e4tzte Lesezeit\" \/>\n\t<meta name=\"twitter:data1\" content=\"1\u00a0Minute\" \/>\n<script type=\"application\/ld+json\" class=\"yoast-schema-graph\">{\"@context\":\"https:\\\/\\\/schema.org\",\"@graph\":[{\"@type\":\"WebPage\",\"@id\":\"https:\\\/\\\/roth-moos.de\\\/index.php\\\/datenschutz\\\/\",\"url\":\"https:\\\/\\\/roth-moos.de\\\/index.php\\\/datenschutz\\\/\",\"name\":\"Datenschutz - Roth\",\"isPartOf\":{\"@id\":\"https:\\\/\\\/roth-moos.de\\\/#website\"},\"datePublished\":\"2024-12-23T13:17:06+00:00\",\"dateModified\":\"2024-12-23T13:17:51+00:00\",\"breadcrumb\":{\"@id\":\"https:\\\/\\\/roth-moos.de\\\/index.php\\\/datenschutz\\\/#breadcrumb\"},\"inLanguage\":\"de\",\"potentialAction\":[{\"@type\":\"ReadAction\",\"target\":[\"https:\\\/\\\/roth-moos.de\\\/index.php\\\/datenschutz\\\/\"]}]},{\"@type\":\"BreadcrumbList\",\"@id\":\"https:\\\/\\\/roth-moos.de\\\/index.php\\\/datenschutz\\\/#breadcrumb\",\"itemListElement\":[{\"@type\":\"ListItem\",\"position\":1,\"name\":\"Startseite\",\"item\":\"https:\\\/\\\/roth-moos.de\\\/\"},{\"@type\":\"ListItem\",\"position\":2,\"name\":\"Datenschutz\"}]},{\"@type\":\"WebSite\",\"@id\":\"https:\\\/\\\/roth-moos.de\\\/#website\",\"url\":\"https:\\\/\\\/roth-moos.de\\\/\",\"name\":\"Roth\",\"description\":\"\",\"potentialAction\":[{\"@type\":\"SearchAction\",\"target\":{\"@type\":\"EntryPoint\",\"urlTemplate\":\"https:\\\/\\\/roth-moos.de\\\/?s={search_term_string}\"},\"query-input\":{\"@type\":\"PropertyValueSpecification\",\"valueRequired\":true,\"valueName\":\"search_term_string\"}}],\"inLanguage\":\"de\"}]}<\/script>\n<!-- \/ Yoast SEO plugin. -->","yoast_head_json":{"title":"Datenschutz - Roth","robots":{"index":"index","follow":"follow","max-snippet":"max-snippet:-1","max-image-preview":"max-image-preview:large","max-video-preview":"max-video-preview:-1"},"canonical":"https:\/\/roth-moos.de\/index.php\/datenschutz\/","og_locale":"de_DE","og_type":"article","og_title":"Datenschutz - Roth","og_description":"Datenschutz Datenschutzerkl\u00e4rung \u00a7 1 Name und Anschrift des Verantwortlichen Der Verantwortliche gem. Art. 4 Abs. 7 EU-Datenschutz-Grundverordnung (im Folgenden: &#8222;DSGVO&#8220;) und anderer nationaler Datenschutzgesetze der Mitgliedsstaaten sowie sonstiger datenschutzrechtlicher Bestimmungen: Alexander SchirpfB\u00f6hringerstr. 1178345 MoosTelefon: +49 7732 52359E-Mail: roth@roth-moos.de(siehe Impressum). \u00a7 2 Allgemeines zur Datenverarbeitung (1)Wir erheben und verwenden Ihre personenbezogenen Daten grunds\u00e4tzlich nur, soweit dies zur Bereitstellung einer funktionsf\u00e4higen Webseite sowie unserer Inhalte und Leistungen erforderlich ist. Die Erhebung und Verwendung Ihrer personenbezogenen Daten erfolgen regelm\u00e4\u00dfig nur nach Einwilligung. Eine Ausnahme gilt in solchen F\u00e4llen, in denen eine vorherige Einholung einer Einwilligung aus tats\u00e4chlichen Gr\u00fcnden nicht m\u00f6glich und die Verarbeitung der Daten durch gesetzliche Vorschriften gestattet ist. \u00a0","og_url":"https:\/\/roth-moos.de\/index.php\/datenschutz\/","og_site_name":"Roth","article_modified_time":"2024-12-23T13:17:51+00:00","twitter_card":"summary_large_image","twitter_misc":{"Gesch\u00e4tzte Lesezeit":"1\u00a0Minute"},"schema":{"@context":"https:\/\/schema.org","@graph":[{"@type":"WebPage","@id":"https:\/\/roth-moos.de\/index.php\/datenschutz\/","url":"https:\/\/roth-moos.de\/index.php\/datenschutz\/","name":"Datenschutz - Roth","isPartOf":{"@id":"https:\/\/roth-moos.de\/#website"},"datePublished":"2024-12-23T13:17:06+00:00","dateModified":"2024-12-23T13:17:51+00:00","breadcrumb":{"@id":"https:\/\/roth-moos.de\/index.php\/datenschutz\/#breadcrumb"},"inLanguage":"de","potentialAction":[{"@type":"ReadAction","target":["https:\/\/roth-moos.de\/index.php\/datenschutz\/"]}]},{"@type":"BreadcrumbList","@id":"https:\/\/roth-moos.de\/index.php\/datenschutz\/#breadcrumb","itemListElement":[{"@type":"ListItem","position":1,"name":"Startseite","item":"https:\/\/roth-moos.de\/"},{"@type":"ListItem","position":2,"name":"Datenschutz"}]},{"@type":"WebSite","@id":"https:\/\/roth-moos.de\/#website","url":"https:\/\/roth-moos.de\/","name":"Roth","description":"","potentialAction":[{"@type":"SearchAction","target":{"@type":"EntryPoint","urlTemplate":"https:\/\/roth-moos.de\/?s={search_term_string}"},"query-input":{"@type":"PropertyValueSpecification","valueRequired":true,"valueName":"search_term_string"}}],"inLanguage":"de"}]}},"_links":{"self":[{"href":"https:\/\/roth-moos.de\/index.php\/wp-json\/wp\/v2\/pages\/661","targetHints":{"allow":["GET"]}}],"collection":[{"href":"https:\/\/roth-moos.de\/index.php\/wp-json\/wp\/v2\/pages"}],"about":[{"href":"https:\/\/roth-moos.de\/index.php\/wp-json\/wp\/v2\/types\/page"}],"author":[{"embeddable":true,"href":"https:\/\/roth-moos.de\/index.php\/wp-json\/wp\/v2\/users\/1"}],"replies":[{"embeddable":true,"href":"https:\/\/roth-moos.de\/index.php\/wp-json\/wp\/v2\/comments?post=661"}],"version-history":[{"count":7,"href":"https:\/\/roth-moos.de\/index.php\/wp-json\/wp\/v2\/pages\/661\/revisions"}],"predecessor-version":[{"id":668,"href":"https:\/\/roth-moos.de\/index.php\/wp-json\/wp\/v2\/pages\/661\/revisions\/668"}],"wp:attachment":[{"href":"https:\/\/roth-moos.de\/index.php\/wp-json\/wp\/v2\/media?parent=661"}],"curies":[{"name":"wp","href":"https:\/\/api.w.org\/{rel}","templated":true}]}}